{"id":24,"date":"2025-09-17T14:38:31","date_gmt":"2025-09-17T12:38:31","guid":{"rendered":"https:\/\/lot-et-garonne.paysagistegironde.fr\/?page_id=24"},"modified":"2026-02-15T14:21:15","modified_gmt":"2026-02-15T13:21:15","slug":"entretien-de-jardins","status":"publish","type":"page","link":"https:\/\/lot-et-garonne.paysagistegironde.fr\/index.php\/entretien-de-jardins\/","title":{"rendered":"Entretien de jardins"},"content":{"rendered":"\n<h3 class=\"wp-block-heading\">Entretien de jardin en Lot et Garonne<\/h3>\n\n\n\n<p>Vous manquez de temps, de mat\u00e9riel ou de possibilit\u00e9s pour entretenir votre jardin, que ce soit ponctuellement ou r\u00e9guli\u00e8rement ? Confiez cette mission \u00e0 des <strong>professionnels du paysage en Agen<\/strong>.<\/p>\n\n\n\n<p>Notre \u00e9quipe de paysagistes polyvalents et exp\u00e9riment\u00e9s vous accompagne dans l\u2019<strong>entretien de votre jardin<\/strong> et de vos espaces verts : tonte, taille, nettoyage, am\u00e9nagement ext\u00e9rieur\u2026 Nous adaptons nos prestations \u00e0 vos besoins afin de vous garantir un ext\u00e9rieur toujours soign\u00e9, agr\u00e9able et valoris\u00e9.<\/p>\n\n\n\n<p>Avec nos services, vous b\u00e9n\u00e9ficiez de l\u2019expertise et du mat\u00e9riel professionnel pour un r\u00e9sultat durable et sans contrainte.<\/p>\n","protected":false},"excerpt":{"rendered":"<p>Entretien de jardin en Lot et Garonne Vous manquez de temps, de mat\u00e9riel ou de possibilit\u00e9s pour entretenir votre jardin, que ce soit ponctuellement ou r\u00e9guli\u00e8rement ? Confiez cette mission \u00e0 des professionnels du paysage en Agen. Notre \u00e9quipe de paysagistes polyvalents et exp\u00e9riment\u00e9s vous accompagne dans l\u2019entretien de votre jardin et de vos espaces [&hellip;]<\/p>\n","protected":false},"author":1,"featured_media":86,"parent":0,"menu_order":0,"comment_status":"closed","ping_status":"closed","template":"","meta":{"footnotes":""},"class_list":["post-24","page","type-page","status-publish","has-post-thumbnail","hentry"],"_links":{"self":[{"href":"https:\/\/lot-et-garonne.paysagistegironde.fr\/index.php\/wp-json\/wp\/v2\/pages\/24","targetHints":{"allow":["GET"]}}],"collection":[{"href":"https:\/\/lot-et-garonne.paysagistegironde.fr\/index.php\/wp-json\/wp\/v2\/pages"}],"about":[{"href":"https:\/\/lot-et-garonne.paysagistegironde.fr\/index.php\/wp-json\/wp\/v2\/types\/page"}],"author":[{"embeddable":true,"href":"https:\/\/lot-et-garonne.paysagistegironde.fr\/index.php\/wp-json\/wp\/v2\/users\/1"}],"replies":[{"embeddable":true,"href":"https:\/\/lot-et-garonne.paysagistegironde.fr\/index.php\/wp-json\/wp\/v2\/comments?post=24"}],"version-history":[{"count":2,"href":"https:\/\/lot-et-garonne.paysagistegironde.fr\/index.php\/wp-json\/wp\/v2\/pages\/24\/revisions"}],"predecessor-version":[{"id":101,"href":"https:\/\/lot-et-garonne.paysagistegironde.fr\/index.php\/wp-json\/wp\/v2\/pages\/24\/revisions\/101"}],"wp:featuredmedia":[{"embeddable":true,"href":"https:\/\/lot-et-garonne.paysagistegironde.fr\/index.php\/wp-json\/wp\/v2\/media\/86"}],"wp:attachment":[{"href":"https:\/\/lot-et-garonne.paysagistegironde.fr\/index.php\/wp-json\/wp\/v2\/media?parent=24"}],"curies":[{"name":"wp","href":"https:\/\/api.w.org\/{rel}","templated":true}]}}