{"id":2,"date":"2025-06-15T14:46:39","date_gmt":"2025-06-15T12:46:39","guid":{"rendered":"http:\/\/www.paysagistegironde.fr\/?page_id=2"},"modified":"2026-02-16T15:48:07","modified_gmt":"2026-02-16T14:48:07","slug":"contact","status":"publish","type":"page","link":"https:\/\/lot-et-garonne.paysagistegironde.fr\/index.php\/contact\/","title":{"rendered":"Contact"},"content":{"rendered":"\n<h2 class=\"wp-block-heading\">Demandez votre devis gratuit<\/h2>\n\n\n\n<p>Vous avez un projet ou besoin d\u2019une intervention rapide ?<br>Le moyen le plus simple et le plus direct est de nous <strong>appeler d\u00e8s maintenant<\/strong> :<\/p>\n\n\n\n<div style=\"text-align:center; background-color: var(--e-global-color-dd2b6dc);\n    fill: #FFFFFF;\n    color: #FFFFFF;\n    border-style: solid;\n    border-width: 1px 1px 1px 1px;\n    border-radius: 50px 50px 50px 50px;\"> <a style=\"    text-decoration: unset;\n    color: #70082e;\n    font-size: larger;\" href=\"tel:0615074982\" onclick=\"return gtag_report_conversion('tel:0615074982');\">tel : 06 15 07 49 82<\/a> <\/div><br\/>\n\n\n\n<p><\/p>\n\n\n\n<p>Notre \u00e9quipe est disponible pour r\u00e9pondre \u00e0 vos questions, vous conseiller et convenir d\u2019un rendez-vous rapidement.<\/p>\n\n\n\n<p>\ud83d\udc49 Si vous pr\u00e9f\u00e9rez, vous pouvez aussi remplir le <strong>formulaire ci-dessous<\/strong> en quelques clics. Nous vous recontacterons dans les plus brefs d\u00e9lais pour \u00e9tablir un devis personnalis\u00e9 et gratuit.<\/p>\n\n\n\n<p>N\u2019attendez plus, contactez d\u00e8s aujourd\u2019hui un professionnel pr\u00e8s de chez vous !<\/p>\n\n\n\n<div style=\"text-align:center; background-color: var(--e-global-color-dd2b6dc);\n    fill: #FFFFFF;\n    color: #FFFFFF;\n    border-style: solid;\n    border-width: 1px 1px 1px 1px;\n    border-radius: 50px 50px 50px 50px;\"> <a style=\"    text-decoration: unset;\n    color: #70082e;\n    font-size: larger;\" href=\"tel:0615074982\" onclick=\"return gtag_report_conversion('tel:0615074982');\">tel : 06 15 07 49 82<\/a> <\/div><br\/>\n\n\n\n<div class=\"wpcf7 no-js\" id=\"wpcf7-f28-o1\" lang=\"fr-FR\" dir=\"ltr\" data-wpcf7-id=\"28\">\n<div class=\"screen-reader-response\"><p role=\"status\" aria-live=\"polite\" aria-atomic=\"true\"><\/p> <ul><\/ul><\/div>\n<form action=\"\/index.php\/wp-json\/wp\/v2\/pages\/2#wpcf7-f28-o1\" method=\"post\" class=\"wpcf7-form init\" aria-label=\"Contact form\" novalidate=\"novalidate\" data-status=\"init\">\n<fieldset class=\"hidden-fields-container\"><input type=\"hidden\" name=\"_wpcf7\" value=\"28\" \/><input type=\"hidden\" name=\"_wpcf7_version\" value=\"6.1.5\" \/><input type=\"hidden\" name=\"_wpcf7_locale\" value=\"fr_FR\" \/><input type=\"hidden\" name=\"_wpcf7_unit_tag\" value=\"wpcf7-f28-o1\" \/><input type=\"hidden\" name=\"_wpcf7_container_post\" value=\"0\" \/><input type=\"hidden\" name=\"_wpcf7_posted_data_hash\" value=\"\" \/>\n<\/fieldset>\n<p><label> Votre nom<br \/>\n<span class=\"wpcf7-form-control-wrap\" data-name=\"your-name\"><input size=\"40\" maxlength=\"400\" class=\"wpcf7-form-control wpcf7-text wpcf7-validates-as-required\" autocomplete=\"name\" aria-required=\"true\" aria-invalid=\"false\" value=\"\" type=\"text\" name=\"your-name\" \/><\/span> <\/label>\n<\/p>\n<p><label> Votre e-mail<br \/>\n<span class=\"wpcf7-form-control-wrap\" data-name=\"your-email\"><input size=\"40\" maxlength=\"400\" class=\"wpcf7-form-control wpcf7-email wpcf7-validates-as-required wpcf7-text wpcf7-validates-as-email\" autocomplete=\"email\" aria-required=\"true\" aria-invalid=\"false\" value=\"\" type=\"email\" name=\"your-email\" \/><\/span> <\/label>\n<\/p>\n<p><label> Votre T\u00e9l\u00e9phone<br \/>\n<span class=\"wpcf7-form-control-wrap\" data-name=\"tel-731\"><input size=\"40\" maxlength=\"400\" class=\"wpcf7-form-control wpcf7-tel wpcf7-validates-as-required wpcf7-text wpcf7-validates-as-tel\" aria-required=\"true\" aria-invalid=\"false\" value=\"\" type=\"tel\" name=\"tel-731\" \/><\/span> <\/label>\n<\/p>\n<p><label> Objet<br \/>\n<span class=\"wpcf7-form-control-wrap\" data-name=\"your-subject\"><input size=\"40\" maxlength=\"400\" class=\"wpcf7-form-control wpcf7-text wpcf7-validates-as-required\" aria-required=\"true\" aria-invalid=\"false\" value=\"\" type=\"text\" name=\"your-subject\" \/><\/span> <\/label>\n<\/p>\n<p><label> Votre demande<br \/>\n<span class=\"wpcf7-form-control-wrap\" data-name=\"your-message\"><textarea cols=\"40\" rows=\"10\" maxlength=\"2000\" class=\"wpcf7-form-control wpcf7-textarea\" aria-invalid=\"false\" name=\"your-message\"><\/textarea><\/span> <\/label>\n<\/p>\n<p><input class=\"wpcf7-form-control wpcf7-submit has-spinner\" type=\"submit\" value=\"Envoyer\" \/>\n<\/p><div class=\"wpcf7-response-output\" aria-hidden=\"true\"><\/div>\n<\/form>\n<\/div>\n\n\n\n\n<p><\/p>\n","protected":false},"excerpt":{"rendered":"<p>Demandez votre devis gratuit Vous avez un projet ou besoin d\u2019une intervention rapide ?Le moyen le plus simple et le plus direct est de nous appeler d\u00e8s maintenant : tel : 06 15 07 49 82 Notre \u00e9quipe est disponible pour r\u00e9pondre \u00e0 vos questions, vous conseiller et convenir d\u2019un rendez-vous rapidement. \ud83d\udc49 Si vous [&hellip;]<\/p>\n","protected":false},"author":1,"featured_media":0,"parent":0,"menu_order":0,"comment_status":"closed","ping_status":"open","template":"","meta":{"footnotes":""},"class_list":["post-2","page","type-page","status-publish","hentry"],"_links":{"self":[{"href":"https:\/\/lot-et-garonne.paysagistegironde.fr\/index.php\/wp-json\/wp\/v2\/pages\/2","targetHints":{"allow":["GET"]}}],"collection":[{"href":"https:\/\/lot-et-garonne.paysagistegironde.fr\/index.php\/wp-json\/wp\/v2\/pages"}],"about":[{"href":"https:\/\/lot-et-garonne.paysagistegironde.fr\/index.php\/wp-json\/wp\/v2\/types\/page"}],"author":[{"embeddable":true,"href":"https:\/\/lot-et-garonne.paysagistegironde.fr\/index.php\/wp-json\/wp\/v2\/users\/1"}],"replies":[{"embeddable":true,"href":"https:\/\/lot-et-garonne.paysagistegironde.fr\/index.php\/wp-json\/wp\/v2\/comments?post=2"}],"version-history":[{"count":12,"href":"https:\/\/lot-et-garonne.paysagistegironde.fr\/index.php\/wp-json\/wp\/v2\/pages\/2\/revisions"}],"predecessor-version":[{"id":122,"href":"https:\/\/lot-et-garonne.paysagistegironde.fr\/index.php\/wp-json\/wp\/v2\/pages\/2\/revisions\/122"}],"wp:attachment":[{"href":"https:\/\/lot-et-garonne.paysagistegironde.fr\/index.php\/wp-json\/wp\/v2\/media?parent=2"}],"curies":[{"name":"wp","href":"https:\/\/api.w.org\/{rel}","templated":true}]}}