{"id":18,"date":"2025-09-17T14:28:06","date_gmt":"2025-09-17T12:28:06","guid":{"rendered":"https:\/\/lot-et-garonne.paysagistegironde.fr\/?page_id=18"},"modified":"2026-02-15T14:23:52","modified_gmt":"2026-02-15T13:23:52","slug":"debroussaillage","status":"publish","type":"page","link":"https:\/\/lot-et-garonne.paysagistegironde.fr\/index.php\/debroussaillage\/","title":{"rendered":"D\u00e9broussaillage"},"content":{"rendered":"\n<h3 class=\"wp-block-heading\">Travaux de d\u00e9broussaillage en Lot et Garonne<\/h3>\n\n\n\n<p>Le d\u00e9broussaillage n\u2019est pas seulement une question d\u2019entretien, c\u2019est aussi une <strong>obligation l\u00e9gale<\/strong> afin de limiter les risques d\u2019incendie. Certaines r\u00e9glementations communales imposent en effet de maintenir vos terrains d\u00e9gag\u00e9s et s\u00e9curis\u00e9s.<\/p>\n\n\n\n<p>Notre \u00e9quipe de <strong>paysagistes Agent<\/strong> intervient rapidement chez les particuliers et les professionnels pour r\u00e9aliser vos travaux de d\u00e9broussaillage. Que vous soyez \u00e0 Agent ou dans les environs, nous assurons un service efficace et conforme aux r\u00e8gles de s\u00e9curit\u00e9.<\/p>\n\n\n\n<p>En nous confiant cette mission, vous gagnez du temps et avez la garantie d\u2019un terrain entretenu dans les r\u00e8gles de l\u2019art.<\/p>\n","protected":false},"excerpt":{"rendered":"<p>Travaux de d\u00e9broussaillage en Lot et Garonne Le d\u00e9broussaillage n\u2019est pas seulement une question d\u2019entretien, c\u2019est aussi une obligation l\u00e9gale afin de limiter les risques d\u2019incendie. Certaines r\u00e9glementations communales imposent en effet de maintenir vos terrains d\u00e9gag\u00e9s et s\u00e9curis\u00e9s. Notre \u00e9quipe de paysagistes Agent intervient rapidement chez les particuliers et les professionnels pour r\u00e9aliser vos [&hellip;]<\/p>\n","protected":false},"author":1,"featured_media":103,"parent":0,"menu_order":0,"comment_status":"closed","ping_status":"closed","template":"","meta":{"footnotes":""},"class_list":["post-18","page","type-page","status-publish","has-post-thumbnail","hentry"],"_links":{"self":[{"href":"https:\/\/lot-et-garonne.paysagistegironde.fr\/index.php\/wp-json\/wp\/v2\/pages\/18","targetHints":{"allow":["GET"]}}],"collection":[{"href":"https:\/\/lot-et-garonne.paysagistegironde.fr\/index.php\/wp-json\/wp\/v2\/pages"}],"about":[{"href":"https:\/\/lot-et-garonne.paysagistegironde.fr\/index.php\/wp-json\/wp\/v2\/types\/page"}],"author":[{"embeddable":true,"href":"https:\/\/lot-et-garonne.paysagistegironde.fr\/index.php\/wp-json\/wp\/v2\/users\/1"}],"replies":[{"embeddable":true,"href":"https:\/\/lot-et-garonne.paysagistegironde.fr\/index.php\/wp-json\/wp\/v2\/comments?post=18"}],"version-history":[{"count":3,"href":"https:\/\/lot-et-garonne.paysagistegironde.fr\/index.php\/wp-json\/wp\/v2\/pages\/18\/revisions"}],"predecessor-version":[{"id":104,"href":"https:\/\/lot-et-garonne.paysagistegironde.fr\/index.php\/wp-json\/wp\/v2\/pages\/18\/revisions\/104"}],"wp:featuredmedia":[{"embeddable":true,"href":"https:\/\/lot-et-garonne.paysagistegironde.fr\/index.php\/wp-json\/wp\/v2\/media\/103"}],"wp:attachment":[{"href":"https:\/\/lot-et-garonne.paysagistegironde.fr\/index.php\/wp-json\/wp\/v2\/media?parent=18"}],"curies":[{"name":"wp","href":"https:\/\/api.w.org\/{rel}","templated":true}]}}