{"id":15,"date":"2025-09-17T14:24:07","date_gmt":"2025-09-17T12:24:07","guid":{"rendered":"https:\/\/lot-et-garonne.paysagistegironde.fr\/?page_id=15"},"modified":"2026-02-15T14:28:04","modified_gmt":"2026-02-15T13:28:04","slug":"travaux-de-taille","status":"publish","type":"page","link":"https:\/\/lot-et-garonne.paysagistegironde.fr\/index.php\/travaux-de-taille\/","title":{"rendered":"Travaux de taille"},"content":{"rendered":"\n<h3 class=\"wp-block-heading\">Travaux de taille et d\u2019\u00e9lagage en Lot et Garonne<\/h3>\n\n\n\n<p>Paysagiste Agen accompagne particuliers et professionnels pour tous types de travaux de taille d\u2019arbres et d\u2019\u00e9lagage. Cette op\u00e9ration consiste \u00e0 couper certaines branches afin de ma\u00eetriser le d\u00e9veloppement de l\u2019arbre, de s\u00e9curiser son environnement ou encore de pr\u00e9server sa sant\u00e9.<\/p>\n\n\n\n<p>Nos <strong>\u00e9lagueurs grimpeurs exp\u00e9riment\u00e9s<\/strong> interviennent sur l\u2019ensemble de la Lot et garonne, que ce soit \u00e0 Agen ou dans les communes alentour.<\/p>\n\n\n\n<p>Gr\u00e2ce \u00e0 leur savoir-faire et leur parfaite ma\u00eetrise des techniques de taille, ils assurent des interventions s\u00e9curis\u00e9es, adapt\u00e9es \u00e0 chaque esp\u00e8ce et \u00e0 chaque situation.<\/p>\n\n\n\n<figure class=\"wp-block-gallery has-nested-images columns-default is-cropped wp-block-gallery-1 is-layout-flex wp-block-gallery-is-layout-flex\">\n<figure class=\"wp-block-image size-full\"><img loading=\"lazy\" decoding=\"async\" width=\"1600\" height=\"1204\" data-id=\"86\" src=\"https:\/\/lot-et-garonne.paysagistegironde.fr\/wp-content\/uploads\/2026\/02\/1000002205.jpg\" alt=\"\" class=\"wp-image-86\" srcset=\"https:\/\/lot-et-garonne.paysagistegironde.fr\/wp-content\/uploads\/2026\/02\/1000002205.jpg 1600w, https:\/\/lot-et-garonne.paysagistegironde.fr\/wp-content\/uploads\/2026\/02\/1000002205-300x226.jpg 300w, https:\/\/lot-et-garonne.paysagistegironde.fr\/wp-content\/uploads\/2026\/02\/1000002205-1024x771.jpg 1024w, https:\/\/lot-et-garonne.paysagistegironde.fr\/wp-content\/uploads\/2026\/02\/1000002205-768x578.jpg 768w, https:\/\/lot-et-garonne.paysagistegironde.fr\/wp-content\/uploads\/2026\/02\/1000002205-1536x1156.jpg 1536w\" sizes=\"auto, (max-width: 1600px) 100vw, 1600px\" \/><\/figure>\n<\/figure>\n\n\n\n<div style=\"text-align:center; margin:30px 0;\">\n  <a href=\"https:\/\/lot-et-garonne.paysagistegironde.fr\/index.php\/contact\/\" class=\"btn-devis-center\" role=\"button\" aria-label=\"Demander un devis - Paysagiste Gironde\">\n    Demander un devis\n  <\/a>\n<\/div>\n\n\n\n<h3 class=\"wp-block-heading\">\u00c9lagage d\u2019arbres et arbustes en Gironde<\/h3>\n\n\n\n<p>Sp\u00e9cialiste de l\u2019entretien des espaces verts, notre \u00e9quipe intervient dans toute la Lot et garonne pour vos travaux d\u2019<strong>\u00e9lagage d\u2019arbres et d\u2019arbustes<\/strong>.<\/p>\n\n\n\n<p>L\u2019\u00e9lagage consiste \u00e0 retirer certaines branches afin d\u2019assurer la s\u00e9curit\u00e9 des biens et des personnes, pr\u00e9server la sant\u00e9 de l\u2019arbre et maintenir une belle apparence. Cette op\u00e9ration est \u00e9galement utile pour \u00e9viter les d\u00e9sagr\u00e9ments li\u00e9s au voisinage \u2014 perte de lumi\u00e8re, branches d\u00e9passant les limites de propri\u00e9t\u00e9, chute de feuilles, etc.<\/p>\n\n\n\n<p>Nous r\u00e9alisons diff\u00e9rents types d\u2019\u00e9lagage selon vos besoins :<\/p>\n\n\n\n<ul class=\"wp-block-list\">\n<li><strong>\u00c9lagage de s\u00e9curit\u00e9<\/strong> pour pr\u00e9venir la chute de branches fragiles.<\/li>\n\n\n\n<li><strong>\u00c9lagage d\u2019entretien<\/strong> pour favoriser une croissance \u00e9quilibr\u00e9e.<\/li>\n\n\n\n<li><strong>\u00c9lagage ornemental<\/strong> pour donner \u00e0 vos arbres la forme souhait\u00e9e.<\/li>\n<\/ul>\n\n\n\n<p>Il est conseill\u00e9 de faire appel \u00e0 un professionnel lorsque :<\/p>\n\n\n\n<ul class=\"wp-block-list\">\n<li>Vous remarquez des branches mortes ou fissur\u00e9es.<\/li>\n\n\n\n<li>Les branches touchent votre toiture, vos fen\u00eatres ou d\u00e9passent chez le voisin.<\/li>\n\n\n\n<li>L\u2019arbre pousse de mani\u00e8re d\u00e9sordonn\u00e9e ou g\u00eane la lumi\u00e8re.<\/li>\n<\/ul>\n\n\n\n<p>Les meilleures p\u00e9riodes pour \u00e9laguer vos arbres se situent entre <strong>juin et septembre<\/strong> (taille en vert) et <strong>d\u00e9cembre et f\u00e9vrier<\/strong> (taille hivernale). En \u00e9t\u00e9, l\u2019arbre cicatrise plus vite ; en hiver, l\u2019absence de feuillage facilite la taille.<\/p>\n\n\n\n<p>Confiez vos travaux d\u2019\u00e9lagage \u00e0 un professionnel qualifi\u00e9 en Lot et garonne  pour un <strong>r\u00e9sultat s\u00fbr, propre et durable<\/strong>.<\/p>\n\n\n\n<div style=\"text-align:center; margin:30px 0;\">\n  <a href=\"https:\/\/lot-et-garonne.paysagistegironde.fr\/index.php\/contact\/\" class=\"btn-devis-center\" role=\"button\" aria-label=\"Demander un devis - Paysagiste Gironde\">\n    Demander un devis\n  <\/a>\n<\/div>\n","protected":false},"excerpt":{"rendered":"<p>Travaux de taille et d\u2019\u00e9lagage en Lot et Garonne Paysagiste Agen accompagne particuliers et professionnels pour tous types de travaux de taille d\u2019arbres et d\u2019\u00e9lagage. Cette op\u00e9ration consiste \u00e0 couper certaines branches afin de ma\u00eetriser le d\u00e9veloppement de l\u2019arbre, de s\u00e9curiser son environnement ou encore de pr\u00e9server sa sant\u00e9. Nos \u00e9lagueurs grimpeurs exp\u00e9riment\u00e9s interviennent sur [&hellip;]<\/p>\n","protected":false},"author":1,"featured_media":93,"parent":0,"menu_order":0,"comment_status":"closed","ping_status":"closed","template":"","meta":{"footnotes":""},"class_list":["post-15","page","type-page","status-publish","has-post-thumbnail","hentry"],"_links":{"self":[{"href":"https:\/\/lot-et-garonne.paysagistegironde.fr\/index.php\/wp-json\/wp\/v2\/pages\/15","targetHints":{"allow":["GET"]}}],"collection":[{"href":"https:\/\/lot-et-garonne.paysagistegironde.fr\/index.php\/wp-json\/wp\/v2\/pages"}],"about":[{"href":"https:\/\/lot-et-garonne.paysagistegironde.fr\/index.php\/wp-json\/wp\/v2\/types\/page"}],"author":[{"embeddable":true,"href":"https:\/\/lot-et-garonne.paysagistegironde.fr\/index.php\/wp-json\/wp\/v2\/users\/1"}],"replies":[{"embeddable":true,"href":"https:\/\/lot-et-garonne.paysagistegironde.fr\/index.php\/wp-json\/wp\/v2\/comments?post=15"}],"version-history":[{"count":4,"href":"https:\/\/lot-et-garonne.paysagistegironde.fr\/index.php\/wp-json\/wp\/v2\/pages\/15\/revisions"}],"predecessor-version":[{"id":106,"href":"https:\/\/lot-et-garonne.paysagistegironde.fr\/index.php\/wp-json\/wp\/v2\/pages\/15\/revisions\/106"}],"wp:featuredmedia":[{"embeddable":true,"href":"https:\/\/lot-et-garonne.paysagistegironde.fr\/index.php\/wp-json\/wp\/v2\/media\/93"}],"wp:attachment":[{"href":"https:\/\/lot-et-garonne.paysagistegironde.fr\/index.php\/wp-json\/wp\/v2\/media?parent=15"}],"curies":[{"name":"wp","href":"https:\/\/api.w.org\/{rel}","templated":true}]}}