{"id":12,"date":"2025-09-17T14:19:08","date_gmt":"2025-09-17T12:19:08","guid":{"rendered":"https:\/\/lot-et-garonne.paysagistegironde.fr\/?page_id=12"},"modified":"2026-02-17T14:36:45","modified_gmt":"2026-02-17T13:36:45","slug":"coupe-darbre","status":"publish","type":"page","link":"https:\/\/lot-et-garonne.paysagistegironde.fr\/index.php\/coupe-darbre\/","title":{"rendered":"Coupe d\u2019arbre"},"content":{"rendered":"\n<h3 class=\"wp-block-heading\">Travaux d\u2019abattage \u00e0 Agen et alentours<\/h3>\n\n\n\n<p>Paysagiste Agen intervient aupr\u00e8s des particuliers comme des professionnels pour r\u00e9aliser des travaux d\u2019abattage d\u2019arbres lorsque ceux-ci repr\u00e9sentent un risque pour la s\u00e9curit\u00e9 des personnes, des habitations ou des infrastructures environnantes.<\/p>\n\n\n\n<p>Avant toute intervention, une visite sur site est effectu\u00e9e afin d\u2019\u00e9valuer pr\u00e9cis\u00e9ment la situation et de vous proposer un devis d\u00e9taill\u00e9 et transparent.<\/p>\n\n\n\n<p>En faisant appel \u00e0 nos services, vous b\u00e9n\u00e9ficiez de la garantie d\u2019un travail soign\u00e9, r\u00e9alis\u00e9 dans le respect des r\u00e8gles de s\u00e9curit\u00e9 et des bonnes pratiques du m\u00e9tier. Habitu\u00e9e aux travaux en hauteur et form\u00e9e aux techniques sp\u00e9cifiques, notre \u00e9quipe assure un abattage ma\u00eetris\u00e9 et s\u00e9curis\u00e9.<\/p>\n\n\n\n<p>\u00c0 la fin du chantier, nous proc\u00e9dons au <strong>ramassage complet des d\u00e9chets verts<\/strong> et privil\u00e9gions leur <strong>valorisation et recyclage<\/strong>.<\/p>\n\n\n\n<figure class=\"wp-block-image size-large\"><img loading=\"lazy\" decoding=\"async\" width=\"1024\" height=\"1000\" src=\"https:\/\/lot-et-garonne.paysagistegironde.fr\/wp-content\/uploads\/2026\/02\/1000002198-1024x1000.jpg\" alt=\"\" class=\"wp-image-91\" srcset=\"https:\/\/lot-et-garonne.paysagistegironde.fr\/wp-content\/uploads\/2026\/02\/1000002198-1024x1000.jpg 1024w, https:\/\/lot-et-garonne.paysagistegironde.fr\/wp-content\/uploads\/2026\/02\/1000002198-300x293.jpg 300w, https:\/\/lot-et-garonne.paysagistegironde.fr\/wp-content\/uploads\/2026\/02\/1000002198-768x750.jpg 768w, https:\/\/lot-et-garonne.paysagistegironde.fr\/wp-content\/uploads\/2026\/02\/1000002198.jpg 1080w\" sizes=\"auto, (max-width: 1024px) 100vw, 1024px\" \/><\/figure>\n\n\n\n<p><\/p>\n","protected":false},"excerpt":{"rendered":"<p>Travaux d\u2019abattage \u00e0 Agen et alentours Paysagiste Agen intervient aupr\u00e8s des particuliers comme des professionnels pour r\u00e9aliser des travaux d\u2019abattage d\u2019arbres lorsque ceux-ci repr\u00e9sentent un risque pour la s\u00e9curit\u00e9 des personnes, des habitations ou des infrastructures environnantes. Avant toute intervention, une visite sur site est effectu\u00e9e afin d\u2019\u00e9valuer pr\u00e9cis\u00e9ment la situation et de vous proposer [&hellip;]<\/p>\n","protected":false},"author":1,"featured_media":94,"parent":0,"menu_order":0,"comment_status":"closed","ping_status":"closed","template":"","meta":{"footnotes":""},"class_list":["post-12","page","type-page","status-publish","has-post-thumbnail","hentry"],"_links":{"self":[{"href":"https:\/\/lot-et-garonne.paysagistegironde.fr\/index.php\/wp-json\/wp\/v2\/pages\/12","targetHints":{"allow":["GET"]}}],"collection":[{"href":"https:\/\/lot-et-garonne.paysagistegironde.fr\/index.php\/wp-json\/wp\/v2\/pages"}],"about":[{"href":"https:\/\/lot-et-garonne.paysagistegironde.fr\/index.php\/wp-json\/wp\/v2\/types\/page"}],"author":[{"embeddable":true,"href":"https:\/\/lot-et-garonne.paysagistegironde.fr\/index.php\/wp-json\/wp\/v2\/users\/1"}],"replies":[{"embeddable":true,"href":"https:\/\/lot-et-garonne.paysagistegironde.fr\/index.php\/wp-json\/wp\/v2\/comments?post=12"}],"version-history":[{"count":4,"href":"https:\/\/lot-et-garonne.paysagistegironde.fr\/index.php\/wp-json\/wp\/v2\/pages\/12\/revisions"}],"predecessor-version":[{"id":123,"href":"https:\/\/lot-et-garonne.paysagistegironde.fr\/index.php\/wp-json\/wp\/v2\/pages\/12\/revisions\/123"}],"wp:featuredmedia":[{"embeddable":true,"href":"https:\/\/lot-et-garonne.paysagistegironde.fr\/index.php\/wp-json\/wp\/v2\/media\/94"}],"wp:attachment":[{"href":"https:\/\/lot-et-garonne.paysagistegironde.fr\/index.php\/wp-json\/wp\/v2\/media?parent=12"}],"curies":[{"name":"wp","href":"https:\/\/api.w.org\/{rel}","templated":true}]}}